{"id":280,"date":"2024-08-23T19:43:08","date_gmt":"2024-08-23T19:43:08","guid":{"rendered":"https:\/\/primesourcing.ro\/wp\/?page_id=280"},"modified":"2025-02-07T18:11:48","modified_gmt":"2025-02-07T18:11:48","slug":"timekeeping-solutions","status":"publish","type":"page","link":"https:\/\/primesourcing.ro\/wp\/ro\/timekeeping-solutions\/","title":{"rendered":"Solu\u021bia PRimeTimeKeeping"},"content":{"rendered":"<p class=\"has-text-align-center\"><\/p>\n\n\n\n<h4 class=\"wp-block-heading has-text-align-center has-background-color has-text-color has-link-color wp-elements-d50af11b02ac92f2f35304c50b783779\">Solu\u021bie profesional\u0103 de pontaj electronic<\/h4>\n\n\n\n<p><\/p>\n\n\n\n<p><\/p>\n\n\n\n<div class=\"wp-block-cover aligncenter\" style=\"border-radius:50px\"><span aria-hidden=\"true\" class=\"wp-block-cover__background has-background-dim-30 has-background-dim\"><\/span><img loading=\"lazy\" decoding=\"async\" width=\"725\" height=\"1024\" class=\"wp-block-cover__image-background wp-image-285\" alt=\"\" src=\"https:\/\/primesourcing.ro\/wp\/wp-content\/uploads\/2024\/08\/1-725x1024.png\" data-object-fit=\"cover\" srcset=\"https:\/\/primesourcing.ro\/wp\/wp-content\/uploads\/2024\/08\/1-725x1024.png 725w, https:\/\/primesourcing.ro\/wp\/wp-content\/uploads\/2024\/08\/1-212x300.png 212w, https:\/\/primesourcing.ro\/wp\/wp-content\/uploads\/2024\/08\/1-768x1085.png 768w, https:\/\/primesourcing.ro\/wp\/wp-content\/uploads\/2024\/08\/1-1087x1536.png 1087w, https:\/\/primesourcing.ro\/wp\/wp-content\/uploads\/2024\/08\/1-1450x2048.png 1450w\" sizes=\"auto, (max-width: 725px) 100vw, 725px\" \/><div class=\"wp-block-cover__inner-container is-layout-flow wp-block-cover-is-layout-flow\">\n<p><\/p>\n\n\n\n<p class=\"has-text-align-center has-text-color has-link-color has-extra-large-font-size wp-elements-7685e19531e9cb28b612d687840bb8b4\" style=\"color:#4caed1\"><strong>PRimeTimeKeeping<\/strong><br><\/p>\n<\/div><\/div>\n\n\n\n<p><\/p>\n\n\n\n<p class=\"has-text-color has-link-color wp-elements-beb4b440f00cd57e96efa42504b2513f\" style=\"color:#4caed1\">PRimeTimeKeeping este o solu\u021bie profesional\u0103 de pontaj electronic, complet integrat\u0103 cu sistemele de control acces, disponibil\u0103 oric\u0103rei organiza\u021bii moderne, fiind instrumentul ideal pentru eliminarea condicilor de prezen\u021b\u0103 \u00een format fizic.<br>Dispun\u00e2nd de un set de func\u021bionalit\u0103\u021bi de baz\u0103 \u0219i dar \u0219i de un set extins de module complexe, integrarea este asigurat\u0103 at\u00e2t cu sisteme de control al accesului, c\u00e2t \u0219i cu aplica\u021bii \u0219i platforme ter\u021be (LDAP, Active Directory, sisteme de HR \u0219i Salarizare) folosite pentru managementul angaja\u021bilor<\/p>\n\n\n\n<p><\/p>\n\n\n\n<figure class=\"wp-block-image size-full is-resized has-custom-border\"><img loading=\"lazy\" decoding=\"async\" width=\"670\" height=\"435\" src=\"https:\/\/primesourcing.ro\/wp\/wp-content\/uploads\/2024\/08\/2.png\" alt=\"\" class=\"wp-image-286\" style=\"border-radius:55px;width:892px;height:auto\" srcset=\"https:\/\/primesourcing.ro\/wp\/wp-content\/uploads\/2024\/08\/2.png 670w, https:\/\/primesourcing.ro\/wp\/wp-content\/uploads\/2024\/08\/2-300x195.png 300w\" sizes=\"auto, (max-width: 670px) 100vw, 670px\" \/><figcaption class=\"wp-element-caption\">                                                 <strong><mark style=\"background-color:rgba(0, 0, 0, 0)\" class=\"has-inline-color has-background-color\">Arhitectur\u0103 de baz\u0103<\/mark><\/strong><\/figcaption><\/figure>\n\n\n\n<p><\/p>\n\n\n\n<p class=\"has-text-color has-link-color wp-elements-ba93a9dcb1cc4a5a21ccb54349c56fea\" style=\"color:#4caed1\">PRimeTimeKeeping integreaz\u0103 un num\u0103r mare de platforme, dispozitive \u0219i tehnologii de control al accesului <br>Compatibilitatea excelent\u0103 \u00eentre hardware \u0219i software este asigurat\u0103 de faptul c\u0103 toate componentele de baz\u0103 au fost dezvoltate de la zero \u00eentr-o integrare perfect\u0103 \u0219i a fost efectuat\u0103 o testare riguroas\u0103 a fiec\u0103rui element nou integrat.<br>PRimeTimeKeeping este o platform\u0103 robust\u0103 care permite urm\u0103rirea programului de lucru al angaja\u021bilor \u0219i ofer\u0103 calcule detaliate cerute de departamentele Resurse Umane (HR) \u0219i alte aplica\u021bii de salarizare.<br>PRimeTimeKeeping este o solu\u021bie supus\u0103 dezvolt\u0103rii continue. <br>Sistemul este imbunatatit \u00een mod constant in functie de solicitarile utilizatorilor. Cerintele sunt atent \u0219i sistematic colectate, evaluate, prioritizate si \u021bin cont \u0219i de reglementarile legislative in vigoare.<\/p>\n\n\n\n<p><\/p>\n\n\n\n<p><\/p>\n\n\n\n<h3 class=\"wp-block-heading alignfull has-text-align-center has-background-color has-text-color has-link-color wp-elements-a5205e78cc7e12408dfed3a9e6193bbb\">Cronometrare mobil\u0103 \/ cu ridicare loca\u021bie<\/h3>\n\n\n\n<figure class=\"wp-block-image size-full is-resized has-custom-border\"><img loading=\"lazy\" decoding=\"async\" width=\"438\" height=\"343\" src=\"https:\/\/primesourcing.ro\/wp\/wp-content\/uploads\/2024\/08\/3.png\" alt=\"\" class=\"wp-image-287\" style=\"border-radius:63px;width:759px;height:auto\" srcset=\"https:\/\/primesourcing.ro\/wp\/wp-content\/uploads\/2024\/08\/3.png 438w, https:\/\/primesourcing.ro\/wp\/wp-content\/uploads\/2024\/08\/3-300x235.png 300w\" sizes=\"auto, (max-width: 438px) 100vw, 438px\" \/><\/figure>\n\n\n\n<p><\/p>\n\n\n\n<p><\/p>\n\n\n\n<ul class=\"wp-block-list\">\n<li><mark style=\"background-color:rgba(0, 0, 0, 0);color:#4caed1\" class=\"has-inline-color\">Se ofer\u0103 un modul dedicat angaja\u021bilor\/echipelor de teren care \u00ee\u0219i desf\u0103\u0219oar\u0103 activitatea \u00een alte loca\u021bii dec\u00e2t birourile dumneavoastr\u0103, printr-o aplica\u021bie mobil\u0103 Android, cu preluarea orei de \u00eencepere\/finalizare a activit\u0103\u021bii, cu preluarea automat\u0103 a loca\u021biei GPS a dispozitivului mobil al angajatului.<\/mark><br><\/li>\n\n\n\n<li><mark style=\"background-color:rgba(0, 0, 0, 0);color:#4caed1\" class=\"has-inline-color\">Capacitatea de a defini proiecte\/loca\u021bii pentru fiecare angajat care poate efectua pontajul de la distan\u021b\u0103 (cu declararea \u00eenceperii\/termin\u0103rii activit\u0103\u021bii) din aplica\u021bia Android sau din interfa\u021ba client web-based.<\/mark><\/li>\n<\/ul>\n\n\n\n<div class=\"wp-block-cover has-custom-content-position is-position-center-right has-tiny-font-size\" style=\"border-radius:55px;margin-top:var(--wp--preset--spacing--80);margin-bottom:var(--wp--preset--spacing--80);padding-top:0;padding-right:0;padding-bottom:0;padding-left:0;min-height:100vh;aspect-ratio:unset;\"><span aria-hidden=\"true\" class=\"wp-block-cover__background has-background-dim\"><\/span><img loading=\"lazy\" decoding=\"async\" width=\"797\" height=\"937\" class=\"wp-block-cover__image-background wp-image-289\" alt=\"\" src=\"https:\/\/primesourcing.ro\/wp\/wp-content\/uploads\/2024\/08\/4-1.png\" style=\"object-position:46% 52%\" data-object-fit=\"cover\" data-object-position=\"46% 52%\" srcset=\"https:\/\/primesourcing.ro\/wp\/wp-content\/uploads\/2024\/08\/4-1.png 797w, https:\/\/primesourcing.ro\/wp\/wp-content\/uploads\/2024\/08\/4-1-255x300.png 255w, https:\/\/primesourcing.ro\/wp\/wp-content\/uploads\/2024\/08\/4-1-768x903.png 768w\" sizes=\"auto, (max-width: 797px) 100vw, 797px\" \/><div class=\"wp-block-cover__inner-container is-layout-flow wp-container-core-cover-is-layout-4f6a194d wp-block-cover-is-layout-flow\">\n<p class=\"has-text-align-center has-text-color has-link-color has-large-font-size wp-elements-cf8d4336878ece6b6e974d8f6e6ef518\" style=\"color:#4caed1;padding-right:3.97rem;padding-left:3.97rem\"><strong>Prime<br>Time<br>Keeping<\/strong><\/p>\n<\/div><\/div>\n\n\n\n<p><\/p>","protected":false},"excerpt":{"rendered":"<p>Professional time management and working time management solution PRimeTimeKeeping is a professional timekeeping solution, fully integrated with access control systems, available to any modern organization, being the ideal tool for eliminating attendance requirements in physical format.Featuring a set of core functionality and an extensive set of complex modules, integration is ensured both with access control [&hellip;]<\/p>","protected":false},"author":1,"featured_media":0,"parent":0,"menu_order":0,"comment_status":"closed","ping_status":"closed","template":"","meta":{"footnotes":""},"class_list":["post-280","page","type-page","status-publish","hentry"],"_links":{"self":[{"href":"https:\/\/primesourcing.ro\/wp\/ro\/wp-json\/wp\/v2\/pages\/280","targetHints":{"allow":["GET"]}}],"collection":[{"href":"https:\/\/primesourcing.ro\/wp\/ro\/wp-json\/wp\/v2\/pages"}],"about":[{"href":"https:\/\/primesourcing.ro\/wp\/ro\/wp-json\/wp\/v2\/types\/page"}],"author":[{"embeddable":true,"href":"https:\/\/primesourcing.ro\/wp\/ro\/wp-json\/wp\/v2\/users\/1"}],"replies":[{"embeddable":true,"href":"https:\/\/primesourcing.ro\/wp\/ro\/wp-json\/wp\/v2\/comments?post=280"}],"version-history":[{"count":15,"href":"https:\/\/primesourcing.ro\/wp\/ro\/wp-json\/wp\/v2\/pages\/280\/revisions"}],"predecessor-version":[{"id":434,"href":"https:\/\/primesourcing.ro\/wp\/ro\/wp-json\/wp\/v2\/pages\/280\/revisions\/434"}],"wp:attachment":[{"href":"https:\/\/primesourcing.ro\/wp\/ro\/wp-json\/wp\/v2\/media?parent=280"}],"curies":[{"name":"wp","href":"https:\/\/api.w.org\/{rel}","templated":true}]}}